{"id":26,"date":"2025-05-01T16:48:59","date_gmt":"2025-05-01T16:48:59","guid":{"rendered":"https:\/\/pastelrose.pl\/?page_id=26"},"modified":"2025-05-09T13:35:33","modified_gmt":"2025-05-09T13:35:33","slug":"blog","status":"publish","type":"page","link":"https:\/\/pastelrose.pl\/?page_id=26","title":{"rendered":"Blog"},"content":{"rendered":"\n<h2 class=\"wp-block-heading has-text-align-center\">Owocowy ogr\u00f3d pod kokosow\u0105 chmurk\u0105 \ud83c\udf51\u2601\ufe0f\ud83c\udf70<\/h2>\n\n\n\n<figure class=\"wp-block-gallery has-nested-images columns-default is-cropped wp-block-gallery-1 is-layout-flex wp-block-gallery-is-layout-flex\">\n<figure class=\"wp-block-image size-large\"><img loading=\"lazy\" decoding=\"async\" width=\"1024\" height=\"749\" data-id=\"93\" src=\"https:\/\/pastelrose.pl\/wp-content\/uploads\/2025\/05\/plums-3641851_1280-1024x749.jpg\" alt=\"\" class=\"wp-image-93\" srcset=\"https:\/\/pastelrose.pl\/wp-content\/uploads\/2025\/05\/plums-3641851_1280-1024x749.jpg 1024w, https:\/\/pastelrose.pl\/wp-content\/uploads\/2025\/05\/plums-3641851_1280-300x219.jpg 300w, https:\/\/pastelrose.pl\/wp-content\/uploads\/2025\/05\/plums-3641851_1280-768x562.jpg 768w, https:\/\/pastelrose.pl\/wp-content\/uploads\/2025\/05\/plums-3641851_1280-1200x878.jpg 1200w, https:\/\/pastelrose.pl\/wp-content\/uploads\/2025\/05\/plums-3641851_1280.jpg 1280w\" sizes=\"auto, (max-width: 1024px) 100vw, 1024px\" \/><\/figure>\n<\/figure>\n\n\n\n<p>\u00a0 <strong>Marzysz o cie\u015bcie, kt\u00f3re przygotujesz we w\u0142asnej kuchni, a jego smak b\u0119dzie Ci przypomina\u0142 ten z najlepszej kawiarni?<\/strong> W taki razie dobrze trafi\u0142e\u015b &#8211; to owocowe cudo spe\u0142ni Twoje oczekiwania. Jest lekkie i absolutnie niezawodne &#8211; idealne na weekendowy relaks, wizyt\u0119 znajomych czy jako dodatek do lunchboxu. I nie martw si\u0119 \u2013 <strong>nie potrzebujesz do jego wykonania du\u017co czasu i drogiego sprz\u0119tu.<\/strong>\ud83c\udf70\ud83c\udf52\u00a0 \u00a0 <\/p>\n\n\n\n<p class=\"has-text-align-center\"><strong><em><mark style=\"background-color:rgba(0, 0, 0, 0)\" class=\"has-inline-color has-accent-color\">Dlaczego pokochasz to ciasto? <\/mark><\/em><\/strong><\/p>\n\n\n\n<p>Ciasto z owocami i kokosow\u0105 kruszonk\u0105 jest <strong>proste do wykonania<\/strong> i <strong>szybko<\/strong> si\u0119 je robi.\ud83d\udc4c <\/p>\n\n\n\n<p><strong>Bez kombinowania<\/strong> \u2013 wszystkie sk\u0142adniki masz prawdopodobnie w kuchni.<\/p>\n\n\n\n<p class=\"has-text-align-center\"><em><strong><mark style=\"background-color:rgba(0, 0, 0, 0)\" class=\"has-inline-color has-accent-color\">Polecenia:<\/mark><\/strong><\/em><\/p>\n\n\n\n<p>Mo\u017cesz dobrowolnie <strong>eksperymentowa\u0107 ze smakiem<\/strong> &#8211; ja polecam wybra\u0107 do ciasta np.: \u015bliwki, maliny, truskawki lub gruszki.\ud83c\udf51\ud83c\udf53\ud83c\udf50\u00a0\u00a0<\/p>\n\n\n\n<p>Mo\u017cesz upiec to ciasto dzie\u0144 wcze\u015bniej \u2013 <strong>nabiera smaku na drugi dzie\u0144<\/strong>!<\/p>\n\n\n\n<p class=\"has-text-align-center\"> <strong><em><br><mark style=\"background-color:rgba(0, 0, 0, 0)\" class=\"has-inline-color has-accent-color\">Sk\u0142adniki na ciasto:<\/mark><\/em><\/strong><\/p>\n\n\n\n<p>\u2714150g mas\u0142a<\/p>\n\n\n\n<p>\u27143 jajka<\/p>\n\n\n\n<p>\u2714150g cukru<\/p>\n\n\n\n<p>\u2714200g m\u0105ki<\/p>\n\n\n\n<p>\u27141 \u0142y\u017ceczka proszku do pieczenia<\/p>\n\n\n\n<p>\u27142 \u0142y\u017ceczki cukru waniliowego<\/p>\n\n\n\n<p>\u27141 cytryna<\/p>\n\n\n\n<p>\u2714owoce (ilo\u015b\u0107 potrzebna do przykrycia ciasta)<\/p>\n\n\n\n<p class=\"has-text-align-center\"><br><strong><em><mark style=\"background-color:rgba(0, 0, 0, 0)\" class=\"has-inline-color has-accent-color\">Sk\u0142adniki na kruszonk\u0119:<\/mark><\/em><\/strong><\/p>\n\n\n\n<p>\u271450 g mas\u0142a<\/p>\n\n\n\n<p>\u27143 \u0142y\u017cki m\u0105ki pszennej\u00a0<\/p>\n\n\n\n<p>\u27144 \u0142y\u017cki wi\u00f3rk\u00f3w kokosowych<\/p>\n\n\n\n<p>\u27144 \u0142y\u017cki cukru<\/p>\n\n\n\n<figure class=\"wp-block-image size-large\"><img loading=\"lazy\" decoding=\"async\" width=\"1024\" height=\"682\" src=\"https:\/\/pastelrose.pl\/wp-content\/uploads\/2025\/05\/cooking-5880136_1280-1024x682.jpg\" alt=\"\" class=\"wp-image-91\" srcset=\"https:\/\/pastelrose.pl\/wp-content\/uploads\/2025\/05\/cooking-5880136_1280-1024x682.jpg 1024w, https:\/\/pastelrose.pl\/wp-content\/uploads\/2025\/05\/cooking-5880136_1280-300x200.jpg 300w, https:\/\/pastelrose.pl\/wp-content\/uploads\/2025\/05\/cooking-5880136_1280-768x512.jpg 768w, https:\/\/pastelrose.pl\/wp-content\/uploads\/2025\/05\/cooking-5880136_1280-1200x800.jpg 1200w, https:\/\/pastelrose.pl\/wp-content\/uploads\/2025\/05\/cooking-5880136_1280.jpg 1280w\" sizes=\"auto, (max-width: 1024px) 100vw, 1024px\" \/><\/figure>\n\n\n\n<p><strong><mark style=\"background-color:rgba(0, 0, 0, 0)\" class=\"has-inline-color has-accent-color\">\ud83c\udf7d\ufe0f Jak przygotowa\u0107?<\/mark><\/strong><\/p>\n\n\n\n<p>1) Mas\u0142o miksujemy na g\u0142adk\u0105 mas\u0119 z cukrem i cukrem waniliowym, na puszyst\u0105 i napowietrzon\u0105 mas\u0119. <\/p>\n\n\n\n<p>2)Dodajemy po jednym jajku i miksujemy za ka\u017cdym razem.<\/p>\n\n\n\n<p>3)Ocieramy sk\u00f3rk\u0119 z cytryny na tarce i wyciskamy 3 \u0142y\u017ceczki soku.\ud83c\udf4b<\/p>\n\n\n\n<p>4)Dodajemy przesian\u0105 m\u0105k\u0119 i proszek do pieczenia. Mieszamy kr\u00f3tko, tylko do po\u0142\u0105czenia sk\u0142adnik\u00f3w.<\/p>\n\n\n\n<p>5)Zagniatamy razem wszystkie sk\u0142adniki na kruszonk\u0119 (mas\u0142o powinno by\u0107 w temperaturze pokojowej )(ja polecam rozpu\u015bci\u0107 go w rondelku,na ma\u0142ym ogniu).<\/p>\n\n\n\n<p>6)Ciasto przek\u0142adamy do blaszki z papierem, uk\u0142adamy na nim owoce i posypujemy kruszonk\u0105.<\/p>\n\n\n\n<p>7)Pieczemy oko\u0142o <strong>50 min<\/strong> lub do suchego patyczka,w piekarniku rozgrzanym na <strong>180 stopni.<\/strong><\/p>\n\n\n\n<p>8)Studzimy na kratce, podajemy posypane cukrem pudrem.<\/p>\n\n\n\n<p>Smacznego!<br><\/p>\n\n\n\n<p><strong>Czas wykonania:<\/strong> oko\u0142o 1,5 h\u23f0<\/p>\n\n\n\n<p>Mam nadziej\u0119, \u017ce post Wam si\u0119 spodoba\u0142 i skorzystacie z tego przepisu.\ud83d\udc8b\ud83d\ude0a<\/p>\n\n\n\n<p><img loading=\"lazy\" decoding=\"async\" width=\"150\" height=\"96\" class=\"wp-image-71\" style=\"width: 150px;\" src=\"https:\/\/pastelrose.pl\/wp-content\/uploads\/2025\/05\/cropped-Logo-pastelrose-2.png\" alt=\"\" srcset=\"https:\/\/pastelrose.pl\/wp-content\/uploads\/2025\/05\/cropped-Logo-pastelrose-2.png 413w, https:\/\/pastelrose.pl\/wp-content\/uploads\/2025\/05\/cropped-Logo-pastelrose-2-300x192.png 300w\" sizes=\"auto, (max-width: 150px) 100vw, 150px\" \/><br>\u00a0 \u00a0 \u00a0 <\/p>\n","protected":false},"excerpt":{"rendered":"<p>Owocowy ogr\u00f3d pod kokosow\u0105 chmurk\u0105 \ud83c\udf51\u2601\ufe0f\ud83c\udf70 \u00a0 Marzysz o cie\u015bcie, kt\u00f3re przygotujesz we w\u0142asnej kuchni, a jego smak b\u0119dzie Ci przypomina\u0142 ten z najlepszej kawiarni? W taki razie dobrze trafi\u0142e\u015b &#8211; to owocowe cudo spe\u0142ni Twoje oczekiwania. Jest lekkie i absolutnie niezawodne &#8211; idealne na weekendowy relaks, wizyt\u0119 znajomych czy jako dodatek do lunchboxu. I [&hellip;]<\/p>\n","protected":false},"author":1,"featured_media":0,"parent":0,"menu_order":0,"comment_status":"closed","ping_status":"closed","template":"","meta":{"footnotes":""},"class_list":["post-26","page","type-page","status-publish","hentry"],"_links":{"self":[{"href":"https:\/\/pastelrose.pl\/index.php?rest_route=\/wp\/v2\/pages\/26","targetHints":{"allow":["GET"]}}],"collection":[{"href":"https:\/\/pastelrose.pl\/index.php?rest_route=\/wp\/v2\/pages"}],"about":[{"href":"https:\/\/pastelrose.pl\/index.php?rest_route=\/wp\/v2\/types\/page"}],"author":[{"embeddable":true,"href":"https:\/\/pastelrose.pl\/index.php?rest_route=\/wp\/v2\/users\/1"}],"replies":[{"embeddable":true,"href":"https:\/\/pastelrose.pl\/index.php?rest_route=%2Fwp%2Fv2%2Fcomments&post=26"}],"version-history":[{"count":5,"href":"https:\/\/pastelrose.pl\/index.php?rest_route=\/wp\/v2\/pages\/26\/revisions"}],"predecessor-version":[{"id":97,"href":"https:\/\/pastelrose.pl\/index.php?rest_route=\/wp\/v2\/pages\/26\/revisions\/97"}],"wp:attachment":[{"href":"https:\/\/pastelrose.pl\/index.php?rest_route=%2Fwp%2Fv2%2Fmedia&parent=26"}],"curies":[{"name":"wp","href":"https:\/\/api.w.org\/{rel}","templated":true}]}}